{"id":99,"date":"2026-01-16T15:34:30","date_gmt":"2026-01-16T13:34:30","guid":{"rendered":"http:\/\/milae-massage.fr\/?page_id=99"},"modified":"2026-02-20T10:01:39","modified_gmt":"2026-02-20T08:01:39","slug":"qui-suis-je","status":"publish","type":"page","link":"https:\/\/milae-massage.fr\/index.php\/qui-suis-je\/","title":{"rendered":"Qui suis-je ?"},"content":{"rendered":"\n<h2 class=\"wp-block-heading\">Mon parcours<\/h2>\n\n\n\n<div class=\"wp-block-columns is-layout-flex wp-container-core-columns-is-layout-28f84493 wp-block-columns-is-layout-flex\">\n<div class=\"wp-block-column is-layout-flow wp-block-column-is-layout-flow\">\n<p>Je m&rsquo;appelle Joseph, j&rsquo;ai 33 ans, je suis praticien en massage bien-\u00eatre \u00e0 domicile sur la commune de la Roche sur Yon et dans les communes alentours.<br>Apr\u00e8s plus de 10 ans \u00e0 travailler dans le milieu hospitalier, j&rsquo;ai d\u00e9cid\u00e9 changer d&rsquo;horizon professionnel. Je me suis form\u00e9 au massage \u00e0 l&rsquo;huile sur table \u00e0 Rennes dans l&rsquo;\u00e9cole <a href=\"https:\/\/www.kerananda.com\" target=\"_blank\" rel=\"noreferrer noopener\">KerAnanda<\/a> par Juliette Grollimund Depoorter.<\/p>\n\n\n\n<p>Anim\u00e9 par la volont\u00e9 de rendre le massage accessible \u00e0 tous, j\u2019accueille chaque personne avec bienveillance et sans jugement. Mes s\u00e9ances s\u2019inscrivent dans une d\u00e9marche inclusive, ouverte \u00e0 toutes et tous, sans distinction d\u2019origine, de couleur de peau, de religion ou de parcours de vie, afin d\u2019offrir un espace s\u00fbr, apaisant et profond\u00e9ment humain. Je m\u2019engage \u00e0 proposer des s\u00e9ances dans un cadre professionnel, confidentiel et respectueux du rythme de chacun.<\/p>\n\n\n\n<p>Le choix de me consacrer au massage \u00e0 domicile s\u2019inscrit pleinement dans cette d\u00e9marche. Recevoir un massage chez vous permet une d\u00e9tente plus profonde, dans un environnement familier et rassurant, propice au l\u00e2cher-prise.<\/p>\n<\/div>\n\n\n\n<div class=\"wp-block-column is-layout-flow wp-block-column-is-layout-flow\">\n<figure class=\"wp-block-image aligncenter size-large is-resized has-custom-border is-style-rounded\" style=\"margin-right:0;margin-left:0\"><img loading=\"lazy\" decoding=\"async\" width=\"683\" height=\"1024\" src=\"https:\/\/milae-massage.fr\/wp-content\/uploads\/2026\/01\/Joseph-683x1024.png\" alt=\"Qui suis-je\" class=\"wp-image-195\" style=\"border-top-left-radius:47px;border-top-right-radius:47px;border-bottom-left-radius:47px;border-bottom-right-radius:47px;aspect-ratio:0.6670011965877948;width:331px;height:auto\" srcset=\"https:\/\/milae-massage.fr\/wp-content\/uploads\/2026\/01\/Joseph-683x1024.png 683w, https:\/\/milae-massage.fr\/wp-content\/uploads\/2026\/01\/Joseph-200x300.png 200w, https:\/\/milae-massage.fr\/wp-content\/uploads\/2026\/01\/Joseph-768x1152.png 768w, https:\/\/milae-massage.fr\/wp-content\/uploads\/2026\/01\/Joseph.png 1024w\" sizes=\"auto, (max-width: 683px) 100vw, 683px\" \/><\/figure>\n<\/div>\n<\/div>\n\n\n\n<p><\/p>\n","protected":false},"excerpt":{"rendered":"<p>Mon parcours Je m&rsquo;appelle Joseph, j&rsquo;ai 33 ans, je suis praticien en massage bien-\u00eatre \u00e0 domicile sur la commune de [&hellip;]<\/p>\n","protected":false},"author":1,"featured_media":0,"parent":0,"menu_order":0,"comment_status":"closed","ping_status":"closed","template":"","meta":{"site-sidebar-layout":"default","site-content-layout":"","ast-site-content-layout":"default","site-content-style":"default","site-sidebar-style":"default","ast-global-header-display":"","ast-banner-title-visibility":"","ast-main-header-display":"","ast-hfb-above-header-display":"","ast-hfb-below-header-display":"","ast-hfb-mobile-header-display":"","site-post-title":"","ast-breadcrumbs-content":"","ast-featured-img":"","footer-sml-layout":"","ast-disable-related-posts":"","theme-transparent-header-meta":"","adv-header-id-meta":"","stick-header-meta":"","header-above-stick-meta":"","header-main-stick-meta":"","header-below-stick-meta":"","astra-migrate-meta-layouts":"default","ast-page-background-enabled":"default","ast-page-background-meta":{"desktop":{"background-color":"var(--ast-global-color-5)","background-image":"","background-repeat":"repeat","background-position":"center center","background-size":"auto","background-attachment":"scroll","background-type":"","background-media":"","overlay-type":"","overlay-color":"","overlay-opacity":"","overlay-gradient":""},"tablet":{"background-color":"","background-image":"","background-repeat":"repeat","background-position":"center center","background-size":"auto","background-attachment":"scroll","background-type":"","background-media":"","overlay-type":"","overlay-color":"","overlay-opacity":"","overlay-gradient":""},"mobile":{"background-color":"","background-image":"","background-repeat":"repeat","background-position":"center center","background-size":"auto","background-attachment":"scroll","background-type":"","background-media":"","overlay-type":"","overlay-color":"","overlay-opacity":"","overlay-gradient":""}},"ast-content-background-meta":{"desktop":{"background-color":"var(--ast-global-color-4)","background-image":"","background-repeat":"repeat","background-position":"center center","background-size":"auto","background-attachment":"scroll","background-type":"","background-media":"","overlay-type":"","overlay-color":"","overlay-opacity":"","overlay-gradient":""},"tablet":{"background-color":"var(--ast-global-color-4)","background-image":"","background-repeat":"repeat","background-position":"center center","background-size":"auto","background-attachment":"scroll","background-type":"","background-media":"","overlay-type":"","overlay-color":"","overlay-opacity":"","overlay-gradient":""},"mobile":{"background-color":"var(--ast-global-color-4)","background-image":"","background-repeat":"repeat","background-position":"center center","background-size":"auto","background-attachment":"scroll","background-type":"","background-media":"","overlay-type":"","overlay-color":"","overlay-opacity":"","overlay-gradient":""}},"_themeisle_gutenberg_block_has_review":false,"footnotes":""},"class_list":["post-99","page","type-page","status-publish","hentry"],"_links":{"self":[{"href":"https:\/\/milae-massage.fr\/index.php\/wp-json\/wp\/v2\/pages\/99","targetHints":{"allow":["GET"]}}],"collection":[{"href":"https:\/\/milae-massage.fr\/index.php\/wp-json\/wp\/v2\/pages"}],"about":[{"href":"https:\/\/milae-massage.fr\/index.php\/wp-json\/wp\/v2\/types\/page"}],"author":[{"embeddable":true,"href":"https:\/\/milae-massage.fr\/index.php\/wp-json\/wp\/v2\/users\/1"}],"replies":[{"embeddable":true,"href":"https:\/\/milae-massage.fr\/index.php\/wp-json\/wp\/v2\/comments?post=99"}],"version-history":[{"count":4,"href":"https:\/\/milae-massage.fr\/index.php\/wp-json\/wp\/v2\/pages\/99\/revisions"}],"predecessor-version":[{"id":260,"href":"https:\/\/milae-massage.fr\/index.php\/wp-json\/wp\/v2\/pages\/99\/revisions\/260"}],"wp:attachment":[{"href":"https:\/\/milae-massage.fr\/index.php\/wp-json\/wp\/v2\/media?parent=99"}],"curies":[{"name":"wp","href":"https:\/\/api.w.org\/{rel}","templated":true}]}}