{"id":47,"date":"2026-01-09T16:54:19","date_gmt":"2026-01-09T14:54:19","guid":{"rendered":"http:\/\/milae-massage.fr\/index.php\/prestations-tarifs\/"},"modified":"2026-04-26T10:07:45","modified_gmt":"2026-04-26T08:07:45","slug":"prestations-tarifs","status":"publish","type":"page","link":"https:\/\/milae-massage.fr\/index.php\/prestations-tarifs\/","title":{"rendered":"Prestations\/Tarifs"},"content":{"rendered":"\n<div class=\"wp-block-group is-layout-constrained wp-block-group-is-layout-constrained\">\n<h2 class=\"wp-block-heading\">Massage sur mesure<\/h2>\n\n\n\n<p>Je propose des <strong>massages personnalis\u00e9s<\/strong> bas\u00e9s sur les techniques du massage californien. Le massage est adapt\u00e9 \u00e0 vos besoins du moment : d\u00e9tente, l\u00e2cher-prise, rel\u00e2chement des tensions ou simple reconnexion \u00e0 votre corps. Chaque s\u00e9ance est unique et construite \u00e0 partir d\u2019un temps d\u2019\u00e9change pr\u00e9alable. Les massages sont r\u00e9alis\u00e9s \u00e0 l\u2019huile, sur table, pour une relaxation profonde du corps et de l\u2019esprit. Ces prestations sont exclusivement d\u00e9di\u00e9es au bien-\u00eatre et \u00e0 la relaxation, et ne s&rsquo;apparentent pas \u00e0 un acte m\u00e9dical ni th\u00e9rapeutique.<br>Pour votre confort, il est important de chauffer la pi\u00e8ce o\u00f9 vous souhaitez \u00eatre mass\u00e9 \u00e0 <strong>23 degr\u00e9s minimum<\/strong>.<\/p>\n\n\n\n<p class=\"has-medium-font-size\"><strong>Aucune prestation \u00e0 caract\u00e8re sexuel<\/strong> <strong>ne sera pratiqu\u00e9e<\/strong>. Toute demande ou geste d\u00e9plac\u00e9 pourra mettre fin au massage sans possibilit\u00e9s de remboursement.<\/p>\n<\/div>\n\n\n\n<div class=\"wp-block-group is-layout-constrained wp-block-group-is-layout-constrained\">\n<div class=\"wp-block-columns is-layout-flex wp-container-core-columns-is-layout-28f84493 wp-block-columns-is-layout-flex\">\n<div class=\"wp-block-column is-layout-flow wp-block-column-is-layout-flow\" style=\"flex-basis:50%\">\n<h2 class=\"wp-block-heading\">Massage 1h<\/h2>\n\n\n\n<p>Un massage complet et \u00e9quilibr\u00e9, id\u00e9al pour une premi\u00e8re approche ou pour s\u2019accorder une pause bien-\u00eatre efficace. Il permet de rel\u00e2cher les tensions principales et d\u2019apporter une d\u00e9tente globale.<\/p>\n\n\n\n<p><strong>Dur\u00e9e du massage :<\/strong> 1 heure \/ <strong>Dur\u00e9e de la s\u00e9ance : <\/strong>1 heure 45<br><strong>Tarif :<\/strong> 74 \u20ac<\/p>\n\n\n\n<div class=\"wp-block-buttons is-content-justification-center is-layout-flex wp-container-core-buttons-is-layout-a89b3969 wp-block-buttons-is-layout-flex\">\n<div class=\"wp-block-button is-style-fill\"><a class=\"wp-block-button__link has-ast-global-color-8-color has-ast-global-color-0-background-color has-text-color has-background has-link-color wp-element-button\" href=\"https:\/\/milae-massage.reservio.com\" target=\"_blank\" rel=\"noopener\">R\u00e9server<\/a><\/div>\n\n\n\n<div class=\"wp-block-button is-style-fill\"><a class=\"wp-block-button__link has-ast-global-color-8-color has-ast-global-color-0-background-color has-text-color has-background has-link-color wp-element-button\" href=\"https:\/\/milae-massage.fr\/index.php\/offrir\/\">Offrir<\/a><\/div>\n<\/div>\n\n\n\n<h2 class=\"wp-block-heading\">Massage 1h15<\/h2>\n\n\n\n<p>Un temps plus long pour approfondir la d\u00e9tente, travailler certaines zones plus en profondeur et favoriser un rel\u00e2chement durable. Recommand\u00e9 si vous avez des tensions sp\u00e9cifiques ou un besoin de l\u00e2cher-prise plus marqu\u00e9.<\/p>\n\n\n\n<p><strong>Dur\u00e9e du massage :<\/strong> 1 heure 15 \/ <strong>Dur\u00e9e de la s\u00e9ance :<\/strong> 2 heures<br><strong>Tarif :<\/strong> 89 \u20ac<\/p>\n\n\n\n<div class=\"wp-block-buttons is-content-justification-center is-layout-flex wp-container-core-buttons-is-layout-a89b3969 wp-block-buttons-is-layout-flex\">\n<div class=\"wp-block-button is-style-fill\"><a class=\"wp-block-button__link has-ast-global-color-8-color has-ast-global-color-0-background-color has-text-color has-background has-link-color wp-element-button\" href=\"https:\/\/milae-massage.reservio.com\" target=\"_blank\" rel=\"noopener\">R\u00e9server<\/a><\/div>\n\n\n\n<div class=\"wp-block-button is-style-fill\"><a class=\"wp-block-button__link has-ast-global-color-8-color has-ast-global-color-0-background-color has-text-color has-background has-link-color wp-element-button\" href=\"https:\/\/milae-massage.fr\/index.php\/offrir\/\">Offrir<\/a><\/div>\n<\/div>\n\n\n\n<h2 class=\"wp-block-heading\">Massage 1h30<\/h2>\n\n\n\n<p>Une exp\u00e9rience compl\u00e8te et enveloppante, offrant un v\u00e9ritable voyage sensoriel. Cette dur\u00e9e permet une prise en charge globale, lente et profonde, pour une relaxation intense et un ressourcement total.<\/p>\n\n\n\n<p><strong>Dur\u00e9e du massage :<\/strong> 1 heure 30 \/ <strong>Dur\u00e9e de la s\u00e9ance :<\/strong> 2 heures 15<br><strong>Tarif :<\/strong> 104 \u20ac<\/p>\n\n\n\n<div class=\"wp-block-buttons is-content-justification-center is-layout-flex wp-container-core-buttons-is-layout-a89b3969 wp-block-buttons-is-layout-flex\">\n<div class=\"wp-block-button is-style-fill\"><a class=\"wp-block-button__link has-ast-global-color-8-color has-ast-global-color-0-background-color has-text-color has-background has-link-color wp-element-button\" href=\"https:\/\/milae-massage.reservio.com\" target=\"_blank\" rel=\"noopener\">R\u00e9server<\/a><\/div>\n\n\n\n<div class=\"wp-block-button is-style-fill\"><a class=\"wp-block-button__link has-ast-global-color-8-color has-ast-global-color-0-background-color has-text-color has-background has-link-color wp-element-button\" href=\"https:\/\/milae-massage.fr\/index.php\/offrir\/\">Offrir<\/a><\/div>\n<\/div>\n<\/div>\n\n\n\n<div class=\"wp-block-column is-vertically-aligned-center is-layout-flow wp-block-column-is-layout-flow\" style=\"flex-basis:50%\">\n<figure class=\"wp-block-image aligncenter size-large is-style-rounded\"><img loading=\"lazy\" decoding=\"async\" width=\"683\" height=\"1024\" src=\"https:\/\/milae-massage.fr\/wp-content\/uploads\/2026\/01\/Page-accueil_2-683x1024.jpg\" alt=\"Huile Californien\" class=\"wp-image-68\" srcset=\"https:\/\/milae-massage.fr\/wp-content\/uploads\/2026\/01\/Page-accueil_2-683x1024.jpg 683w, https:\/\/milae-massage.fr\/wp-content\/uploads\/2026\/01\/Page-accueil_2-200x300.jpg 200w, https:\/\/milae-massage.fr\/wp-content\/uploads\/2026\/01\/Page-accueil_2-768x1152.jpg 768w, https:\/\/milae-massage.fr\/wp-content\/uploads\/2026\/01\/Page-accueil_2-1024x1536.jpg 1024w, https:\/\/milae-massage.fr\/wp-content\/uploads\/2026\/01\/Page-accueil_2-1365x2048.jpg 1365w, https:\/\/milae-massage.fr\/wp-content\/uploads\/2026\/01\/Page-accueil_2-scaled.jpg 1707w\" sizes=\"auto, (max-width: 683px) 100vw, 683px\" \/><\/figure>\n<\/div>\n<\/div>\n<\/div>\n\n\n\n<div class=\"wp-block-group is-layout-constrained wp-block-group-is-layout-constrained\">\n<div class=\"wp-block-columns is-layout-flex wp-container-core-columns-is-layout-28f84493 wp-block-columns-is-layout-flex\">\n<div class=\"wp-block-column is-layout-flow wp-block-column-is-layout-flow\">\n<h2 class=\"wp-block-heading\">Bin\u00f4mes<\/h2>\n\n\n\n<p><strong>Deux massages r\u00e9alis\u00e9s \u00e0 la suite, \u00e0 la m\u00eame adresse<\/strong>.<\/p>\n\n\n\n<p><strong>Dur\u00e9e des massages :<\/strong> 1 heure <strong><br>Dur\u00e9e de la s\u00e9ance : <\/strong>3 heures<br><strong>Tarif :<\/strong> 139 \u20ac<\/p>\n\n\n\n<p><strong>Dur\u00e9e des massages :<\/strong> 1 heure 15<br><strong>Dur\u00e9e de la s\u00e9ance : <\/strong>3 heures 30<br><strong>Tarif :<\/strong> 169 \u20ac<\/p>\n\n\n\n<p><strong>Dur\u00e9e des massages :<\/strong> 1 heure 30<br><strong>Dur\u00e9e de la s\u00e9ance : <\/strong>4 heures<br><strong>Tarif :<\/strong> 199 \u20ac<\/p>\n\n\n\n<div class=\"wp-block-buttons is-content-justification-center is-layout-flex wp-container-core-buttons-is-layout-a89b3969 wp-block-buttons-is-layout-flex\">\n<div class=\"wp-block-button is-style-fill\"><a class=\"wp-block-button__link has-ast-global-color-8-color has-ast-global-color-0-background-color has-text-color has-background has-link-color wp-element-button\" href=\"https:\/\/milae-massage.reservio.com\" target=\"_blank\" rel=\"noopener\">R\u00e9server<\/a><\/div>\n\n\n\n<div class=\"wp-block-button is-style-fill\"><a class=\"wp-block-button__link has-ast-global-color-8-color has-ast-global-color-0-background-color has-text-color has-background has-link-color wp-element-button\" href=\"https:\/\/milae-massage.fr\/index.php\/offrir\/\">Offrir<\/a><\/div>\n<\/div>\n<\/div>\n\n\n\n<div class=\"wp-block-column is-layout-flow wp-block-column-is-layout-flow\">\n<h2 class=\"wp-block-heading\">Trin\u00f4mes<\/h2>\n\n\n\n<p><strong>Trois massages r\u00e9alis\u00e9s \u00e0 la suite, \u00e0 la m\u00eame adresse<\/strong>.<\/p>\n\n\n\n<p><strong>Dur\u00e9e des massages :<\/strong> 1 heure<br><strong>Dur\u00e9e de la s\u00e9ance : <\/strong>4 heures 15<br><strong>Tarif :<\/strong> 199 \u20ac<\/p>\n\n\n\n<p><strong>Dur\u00e9e des massages :<\/strong> 1 heure 15<br><strong>Dur\u00e9e de la s\u00e9ance : <\/strong>5 heures<br><strong>Tarif :<\/strong> 244 \u20ac<\/p>\n\n\n\n<p><strong>Dur\u00e9e des massages :<\/strong> 1 heure 30<br><strong>Dur\u00e9e de la s\u00e9ance : <\/strong>5 heures 45<br><strong>Tarif :<\/strong> 289 \u20ac<\/p>\n\n\n\n<div class=\"wp-block-buttons is-content-justification-center is-layout-flex wp-container-core-buttons-is-layout-a89b3969 wp-block-buttons-is-layout-flex\">\n<div class=\"wp-block-button is-style-fill\"><a class=\"wp-block-button__link has-ast-global-color-8-color has-ast-global-color-0-background-color has-text-color has-background has-link-color wp-element-button\" href=\"https:\/\/milae-massage.reservio.com\" target=\"_blank\" rel=\"noopener\">R\u00e9server<\/a><\/div>\n\n\n\n<div class=\"wp-block-button is-style-fill\"><a class=\"wp-block-button__link has-ast-global-color-8-color has-ast-global-color-0-background-color has-text-color has-background has-link-color wp-element-button\" href=\"https:\/\/milae-massage.fr\/index.php\/offrir\/\">Offrir<\/a><\/div>\n<\/div>\n<\/div>\n<\/div>\n<\/div>\n\n\n\n<div class=\"wp-block-group alignwide is-layout-constrained wp-block-group-is-layout-constrained\">\n<h2 class=\"wp-block-heading alignwide has-text-align-left\">J&rsquo;interviens \u00e0 domicile sur les communes suivantes :<\/h2>\n\n\n\n<div class=\"wp-block-columns is-layout-flex wp-container-core-columns-is-layout-28f84493 wp-block-columns-is-layout-flex\">\n<div class=\"wp-block-column is-layout-flow wp-block-column-is-layout-flow\">\n<ul class=\"wp-block-list\">\n<li>La Roche sur Yon<\/li>\n\n\n\n<li>Aizenay<\/li>\n\n\n\n<li>Aubigny-Les Clouzeaux<\/li>\n\n\n\n<li>Bellevigny<\/li>\n\n\n\n<li>Bournezeau<\/li>\n\n\n\n<li>Dompierre sur Yon<\/li>\n\n\n\n<li>Fouger\u00e9<\/li>\n<\/ul>\n<\/div>\n\n\n\n<div class=\"wp-block-column is-layout-flow wp-block-column-is-layout-flow\">\n<ul class=\"wp-block-list\">\n<li>La Boissi\u00e8re des Landes<\/li>\n\n\n\n<li>La Chaize le Vicomte<\/li>\n\n\n\n<li>La Ferri\u00e8re<\/li>\n\n\n\n<li>La G\u00e9n\u00e9touze<\/li>\n\n\n\n<li>Landeronde<\/li>\n\n\n\n<li>Le Poir\u00e9 sur Vie<\/li>\n\n\n\n<li>Les Achards<\/li>\n<\/ul>\n<\/div>\n\n\n\n<div class=\"wp-block-column is-layout-flow wp-block-column-is-layout-flow\">\n<ul class=\"wp-block-list\">\n<li>Mouilleron le Captif<\/li>\n\n\n\n<li>Nesmy<\/li>\n\n\n\n<li>Nieul le Dolent<\/li>\n\n\n\n<li>Rives de l&rsquo;Yon<\/li>\n\n\n\n<li>Sainte Flaive des Loups<\/li>\n\n\n\n<li>Venansault<\/li>\n<\/ul>\n<\/div>\n<\/div>\n<\/div>\n\n\n\n<div class=\"wp-block-group is-layout-constrained wp-block-group-is-layout-constrained\">\n<h2 class=\"wp-block-heading\">Politique d&rsquo;annulation<\/h2>\n\n\n\n<div class=\"wp-block-columns is-layout-flex wp-container-core-columns-is-layout-28f84493 wp-block-columns-is-layout-flex\">\n<div class=\"wp-block-column is-layout-flow wp-block-column-is-layout-flow\">\n<p>Toute annulation ou demande de report est possible sans frais jusqu\u2019\u00e0 24 heures avant la s\u00e9ance, et doit \u00eatre effectu\u00e9e par t\u00e9l\u00e9phone, message ou e-mail.<br><br>En cas d\u2019annulation par le client moins de 24 heures avant le rendez-vous, la s\u00e9ance pourra \u00eatre factur\u00e9e dans son int\u00e9gralit\u00e9.<br><br>Toute non-pr\u00e9sentation au rendez-vous entra\u00eenera la facturation compl\u00e8te de la s\u00e9ance.<br><br>En cas de retard du client, la dur\u00e9e de la s\u00e9ance pourra \u00eatre \u00e9court\u00e9e afin de respecter les rendez-vous suivants, sans modification du tarif.<br><br>En cas d\u2019annulation par le praticien pour un motif s\u00e9rieux (maladie, accident, panne, etc.), la prestation sera report\u00e9e ou int\u00e9gralement rembours\u00e9e.<\/p>\n<\/div>\n\n\n\n<div class=\"wp-block-column is-vertically-aligned-center is-layout-flow wp-block-column-is-layout-flow\">\n<figure class=\"wp-block-image aligncenter size-large has-custom-border is-style-default\" style=\"margin-top:0;margin-bottom:0\"><img loading=\"lazy\" decoding=\"async\" width=\"1024\" height=\"768\" src=\"https:\/\/milae-massage.fr\/wp-content\/uploads\/2026\/02\/Dos-1024x768.jpg\" alt=\"Massage Dos\" class=\"wp-image-237\" style=\"border-top-left-radius:60px;border-top-right-radius:60px;border-bottom-left-radius:60px;border-bottom-right-radius:60px\" srcset=\"https:\/\/milae-massage.fr\/wp-content\/uploads\/2026\/02\/Dos-1024x768.jpg 1024w, https:\/\/milae-massage.fr\/wp-content\/uploads\/2026\/02\/Dos-300x225.jpg 300w, https:\/\/milae-massage.fr\/wp-content\/uploads\/2026\/02\/Dos-768x576.jpg 768w, https:\/\/milae-massage.fr\/wp-content\/uploads\/2026\/02\/Dos-1536x1152.jpg 1536w, https:\/\/milae-massage.fr\/wp-content\/uploads\/2026\/02\/Dos.jpg 1920w\" sizes=\"auto, (max-width: 1024px) 100vw, 1024px\" \/><\/figure>\n<\/div>\n<\/div>\n\n\n\n<p class=\"has-text-align-center\">Pour toute question, n\u2019h\u00e9sitez pas \u00e0 jeter un \u0153il \u00e0 la <a href=\"https:\/\/milae-massage.fr\/index.php\/faq\/\" data-type=\"page\" data-id=\"107\">FAQ<\/a> <br>ou \u00e0 m&rsquo;envoyer un message via le <a href=\"https:\/\/milae-massage.fr\/index.php\/contact\/\" data-type=\"page\" data-id=\"139\">formulaire de contact<\/a>.<\/p>\n<\/div>\n","protected":false},"excerpt":{"rendered":"<p>Massage sur mesure Je propose des massages personnalis\u00e9s bas\u00e9s sur les techniques du massage californien. Le massage est adapt\u00e9 \u00e0 [&hellip;]<\/p>\n","protected":false},"author":1,"featured_media":0,"parent":0,"menu_order":0,"comment_status":"closed","ping_status":"closed","template":"","meta":{"site-sidebar-layout":"default","site-content-layout":"","ast-site-content-layout":"default","site-content-style":"default","site-sidebar-style":"default","ast-global-header-display":"","ast-banner-title-visibility":"","ast-main-header-display":"","ast-hfb-above-header-display":"","ast-hfb-below-header-display":"","ast-hfb-mobile-header-display":"","site-post-title":"","ast-breadcrumbs-content":"","ast-featured-img":"","footer-sml-layout":"","ast-disable-related-posts":"","theme-transparent-header-meta":"","adv-header-id-meta":"","stick-header-meta":"","header-above-stick-meta":"","header-main-stick-meta":"","header-below-stick-meta":"","astra-migrate-meta-layouts":"default","ast-page-background-enabled":"default","ast-page-background-meta":{"desktop":{"background-color":"var(--ast-global-color-5)","background-image":"","background-repeat":"repeat","background-position":"center center","background-size":"auto","background-attachment":"scroll","background-type":"","background-media":"","overlay-type":"","overlay-color":"","overlay-opacity":"","overlay-gradient":""},"tablet":{"background-color":"","background-image":"","background-repeat":"repeat","background-position":"center center","background-size":"auto","background-attachment":"scroll","background-type":"","background-media":"","overlay-type":"","overlay-color":"","overlay-opacity":"","overlay-gradient":""},"mobile":{"background-color":"","background-image":"","background-repeat":"repeat","background-position":"center center","background-size":"auto","background-attachment":"scroll","background-type":"","background-media":"","overlay-type":"","overlay-color":"","overlay-opacity":"","overlay-gradient":""}},"ast-content-background-meta":{"desktop":{"background-color":"var(--ast-global-color-4)","background-image":"","background-repeat":"repeat","background-position":"center center","background-size":"auto","background-attachment":"scroll","background-type":"","background-media":"","overlay-type":"","overlay-color":"","overlay-opacity":"","overlay-gradient":""},"tablet":{"background-color":"var(--ast-global-color-4)","background-image":"","background-repeat":"repeat","background-position":"center center","background-size":"auto","background-attachment":"scroll","background-type":"","background-media":"","overlay-type":"","overlay-color":"","overlay-opacity":"","overlay-gradient":""},"mobile":{"background-color":"var(--ast-global-color-4)","background-image":"","background-repeat":"repeat","background-position":"center center","background-size":"auto","background-attachment":"scroll","background-type":"","background-media":"","overlay-type":"","overlay-color":"","overlay-opacity":"","overlay-gradient":""}},"_themeisle_gutenberg_block_has_review":false,"footnotes":""},"class_list":["post-47","page","type-page","status-publish","hentry"],"_links":{"self":[{"href":"https:\/\/milae-massage.fr\/index.php\/wp-json\/wp\/v2\/pages\/47","targetHints":{"allow":["GET"]}}],"collection":[{"href":"https:\/\/milae-massage.fr\/index.php\/wp-json\/wp\/v2\/pages"}],"about":[{"href":"https:\/\/milae-massage.fr\/index.php\/wp-json\/wp\/v2\/types\/page"}],"author":[{"embeddable":true,"href":"https:\/\/milae-massage.fr\/index.php\/wp-json\/wp\/v2\/users\/1"}],"replies":[{"embeddable":true,"href":"https:\/\/milae-massage.fr\/index.php\/wp-json\/wp\/v2\/comments?post=47"}],"version-history":[{"count":47,"href":"https:\/\/milae-massage.fr\/index.php\/wp-json\/wp\/v2\/pages\/47\/revisions"}],"predecessor-version":[{"id":296,"href":"https:\/\/milae-massage.fr\/index.php\/wp-json\/wp\/v2\/pages\/47\/revisions\/296"}],"wp:attachment":[{"href":"https:\/\/milae-massage.fr\/index.php\/wp-json\/wp\/v2\/media?parent=47"}],"curies":[{"name":"wp","href":"https:\/\/api.w.org\/{rel}","templated":true}]}}