{"id":288,"date":"2026-04-26T10:02:34","date_gmt":"2026-04-26T08:02:34","guid":{"rendered":"https:\/\/milae-massage.fr\/?page_id=288"},"modified":"2026-04-26T10:10:34","modified_gmt":"2026-04-26T08:10:34","slug":"offrir","status":"publish","type":"page","link":"https:\/\/milae-massage.fr\/index.php\/offrir\/","title":{"rendered":"Offrir"},"content":{"rendered":"\n<div class=\"wp-block-group is-layout-constrained wp-block-group-is-layout-constrained\">\n<div class=\"wp-block-columns is-layout-flex wp-container-core-columns-is-layout-28f84493 wp-block-columns-is-layout-flex\">\n<div class=\"wp-block-column is-layout-flow wp-block-column-is-layout-flow\">\n<p>Si vous souhaitez offrir un massage, merci de me contacter via le <a href=\"https:\/\/milae-massage.fr\/index.php\/contact\/\" data-type=\"page\" data-id=\"139\">formulaire de contact<\/a> en indiquant les informations suivantes :<\/p>\n\n\n\n<ul class=\"wp-block-list\">\n<li>Nom et pr\u00e9nom de la personne qui offre le massage<\/li>\n\n\n\n<li>Nom et pr\u00e9nom de la personne qui le recevra<\/li>\n\n\n\n<li>Ville de r\u00e9sidence de la personne recevant le massage<br>(Liste des villes sur lesquelles je me d\u00e9place <a href=\"https:\/\/milae-massage.fr\/index.php\/prestations-tarifs\/\" data-type=\"page\" data-id=\"47\">ici<\/a>)<\/li>\n\n\n\n<li>Dur\u00e9e souhait\u00e9e du massage (1h, 1h15 ou 1h30)<\/li>\n<\/ul>\n\n\n\n<p>Je vous recontacterai dans les plus brefs d\u00e9lais pour proc\u00e9der au paiement et vous envoyer le bon cadeau \u00e0 imprimer sur votre boite email.<\/p>\n\n\n\n<p>Le bon cadeau est valable 1 an \u00e0 compter de la date du paiement.<\/p>\n<\/div>\n\n\n\n<div class=\"wp-block-column is-vertically-aligned-center is-layout-flow wp-block-column-is-layout-flow\">\n<figure class=\"wp-block-image aligncenter size-large is-resized has-custom-border is-style-default\"><img loading=\"lazy\" decoding=\"async\" width=\"1024\" height=\"825\" src=\"https:\/\/milae-massage.fr\/wp-content\/uploads\/2026\/04\/Bon-cadeau-1-1024x825.jpg\" alt=\"Bon cadeau\" class=\"wp-image-291\" style=\"border-style:none;border-width:0px;border-top-left-radius:49px;border-top-right-radius:49px;border-bottom-left-radius:49px;border-bottom-right-radius:49px;aspect-ratio:1.2412455554358366;width:369px;height:auto\" srcset=\"https:\/\/milae-massage.fr\/wp-content\/uploads\/2026\/04\/Bon-cadeau-1-1024x825.jpg 1024w, https:\/\/milae-massage.fr\/wp-content\/uploads\/2026\/04\/Bon-cadeau-1-300x242.jpg 300w, https:\/\/milae-massage.fr\/wp-content\/uploads\/2026\/04\/Bon-cadeau-1-768x619.jpg 768w, https:\/\/milae-massage.fr\/wp-content\/uploads\/2026\/04\/Bon-cadeau-1-1536x1237.jpg 1536w, https:\/\/milae-massage.fr\/wp-content\/uploads\/2026\/04\/Bon-cadeau-1-2048x1650.jpg 2048w\" sizes=\"auto, (max-width: 1024px) 100vw, 1024px\" \/><\/figure>\n<\/div>\n<\/div>\n<\/div>\n","protected":false},"excerpt":{"rendered":"<p>Si vous souhaitez offrir un massage, merci de me contacter via le formulaire de contact en indiquant les informations suivantes [&hellip;]<\/p>\n","protected":false},"author":1,"featured_media":0,"parent":0,"menu_order":0,"comment_status":"closed","ping_status":"closed","template":"","meta":{"site-sidebar-layout":"default","site-content-layout":"","ast-site-content-layout":"default","site-content-style":"default","site-sidebar-style":"default","ast-global-header-display":"","ast-banner-title-visibility":"","ast-main-header-display":"","ast-hfb-above-header-display":"","ast-hfb-below-header-display":"","ast-hfb-mobile-header-display":"","site-post-title":"","ast-breadcrumbs-content":"","ast-featured-img":"","footer-sml-layout":"","ast-disable-related-posts":"","theme-transparent-header-meta":"","adv-header-id-meta":"","stick-header-meta":"","header-above-stick-meta":"","header-main-stick-meta":"","header-below-stick-meta":"","astra-migrate-meta-layouts":"default","ast-page-background-enabled":"default","ast-page-background-meta":{"desktop":{"background-color":"var(--ast-global-color-5)","background-image":"","background-repeat":"repeat","background-position":"center center","background-size":"auto","background-attachment":"scroll","background-type":"","background-media":"","overlay-type":"","overlay-color":"","overlay-opacity":"","overlay-gradient":""},"tablet":{"background-color":"","background-image":"","background-repeat":"repeat","background-position":"center center","background-size":"auto","background-attachment":"scroll","background-type":"","background-media":"","overlay-type":"","overlay-color":"","overlay-opacity":"","overlay-gradient":""},"mobile":{"background-color":"","background-image":"","background-repeat":"repeat","background-position":"center center","background-size":"auto","background-attachment":"scroll","background-type":"","background-media":"","overlay-type":"","overlay-color":"","overlay-opacity":"","overlay-gradient":""}},"ast-content-background-meta":{"desktop":{"background-color":"var(--ast-global-color-4)","background-image":"","background-repeat":"repeat","background-position":"center center","background-size":"auto","background-attachment":"scroll","background-type":"","background-media":"","overlay-type":"","overlay-color":"","overlay-opacity":"","overlay-gradient":""},"tablet":{"background-color":"var(--ast-global-color-4)","background-image":"","background-repeat":"repeat","background-position":"center center","background-size":"auto","background-attachment":"scroll","background-type":"","background-media":"","overlay-type":"","overlay-color":"","overlay-opacity":"","overlay-gradient":""},"mobile":{"background-color":"var(--ast-global-color-4)","background-image":"","background-repeat":"repeat","background-position":"center center","background-size":"auto","background-attachment":"scroll","background-type":"","background-media":"","overlay-type":"","overlay-color":"","overlay-opacity":"","overlay-gradient":""}},"_themeisle_gutenberg_block_has_review":false,"footnotes":""},"class_list":["post-288","page","type-page","status-publish","hentry"],"_links":{"self":[{"href":"https:\/\/milae-massage.fr\/index.php\/wp-json\/wp\/v2\/pages\/288","targetHints":{"allow":["GET"]}}],"collection":[{"href":"https:\/\/milae-massage.fr\/index.php\/wp-json\/wp\/v2\/pages"}],"about":[{"href":"https:\/\/milae-massage.fr\/index.php\/wp-json\/wp\/v2\/types\/page"}],"author":[{"embeddable":true,"href":"https:\/\/milae-massage.fr\/index.php\/wp-json\/wp\/v2\/users\/1"}],"replies":[{"embeddable":true,"href":"https:\/\/milae-massage.fr\/index.php\/wp-json\/wp\/v2\/comments?post=288"}],"version-history":[{"count":4,"href":"https:\/\/milae-massage.fr\/index.php\/wp-json\/wp\/v2\/pages\/288\/revisions"}],"predecessor-version":[{"id":298,"href":"https:\/\/milae-massage.fr\/index.php\/wp-json\/wp\/v2\/pages\/288\/revisions\/298"}],"wp:attachment":[{"href":"https:\/\/milae-massage.fr\/index.php\/wp-json\/wp\/v2\/media?parent=288"}],"curies":[{"name":"wp","href":"https:\/\/api.w.org\/{rel}","templated":true}]}}